{"id":1412,"date":"2018-07-24T14:21:57","date_gmt":"2018-07-24T12:21:57","guid":{"rendered":"http:\/\/web.femmesleadersmondialesmonaco.mc\/?page_id=1412"},"modified":"2020-02-03T17:11:06","modified_gmt":"2020-02-03T16:11:06","slug":"mentions-legales","status":"publish","type":"page","link":"https:\/\/web.femmesleadersmondialesmonaco.mc\/fr\/mentions-legales\/","title":{"rendered":"Femmes Leaders Mondiales Monaco &#8211; Mentions L\u00e9gales"},"content":{"rendered":"<p><div class=\"fusion-fullwidth fullwidth-box fusion-builder-row-1 nonhundred-percent-fullwidth non-hundred-percent-height-scrolling\" style=\"--awb-border-radius-top-left:0px;--awb-border-radius-top-right:0px;--awb-border-radius-bottom-right:0px;--awb-border-radius-bottom-left:0px;--awb-flex-wrap:wrap;\" ><div class=\"fusion-builder-row fusion-row\"><div class=\"fusion-layout-column fusion_builder_column fusion-builder-column-0 fusion_builder_column_1_1 1_1 fusion-one-full fusion-column-first fusion-column-last\" style=\"--awb-bg-size:cover;\"><div class=\"fusion-column-wrapper fusion-column-has-shadow fusion-flex-column-wrapper-legacy\"><div class=\"fusion-image-element in-legacy-container\" style=\"--awb-caption-title-font-family:var(--h2_typography-font-family);--awb-caption-title-font-weight:var(--h2_typography-font-weight);--awb-caption-title-font-style:var(--h2_typography-font-style);--awb-caption-title-size:var(--h2_typography-font-size);--awb-caption-title-transform:var(--h2_typography-text-transform);--awb-caption-title-line-height:var(--h2_typography-line-height);--awb-caption-title-letter-spacing:var(--h2_typography-letter-spacing);\"><span class=\" fusion-imageframe imageframe-none imageframe-1 hover-type-none\"><img decoding=\"async\" width=\"1170\" height=\"297\" title=\"header\" src=\"http:\/\/web.femmesleadersmondialesmonaco.mc\/wp-content\/uploads\/2020\/01\/header.jpg\" alt class=\"img-responsive wp-image-1788\" srcset=\"https:\/\/web.femmesleadersmondialesmonaco.mc\/wp-content\/uploads\/2020\/01\/header-200x51.jpg 200w, https:\/\/web.femmesleadersmondialesmonaco.mc\/wp-content\/uploads\/2020\/01\/header-400x102.jpg 400w, https:\/\/web.femmesleadersmondialesmonaco.mc\/wp-content\/uploads\/2020\/01\/header-600x152.jpg 600w, https:\/\/web.femmesleadersmondialesmonaco.mc\/wp-content\/uploads\/2020\/01\/header-800x203.jpg 800w, https:\/\/web.femmesleadersmondialesmonaco.mc\/wp-content\/uploads\/2020\/01\/header.jpg 1170w\" sizes=\"(max-width: 800px) 100vw, 1170px\" \/><\/span><\/div><div class=\"fusion-clearfix\"><\/div><\/div><\/div><\/div><\/div><div class=\"fusion-fullwidth fullwidth-box fusion-builder-row-2 nonhundred-percent-fullwidth non-hundred-percent-height-scrolling\" style=\"--awb-border-radius-top-left:0px;--awb-border-radius-top-right:0px;--awb-border-radius-bottom-right:0px;--awb-border-radius-bottom-left:0px;--awb-flex-wrap:wrap;\" ><div class=\"fusion-builder-row fusion-row\"><div class=\"fusion-layout-column fusion_builder_column fusion-builder-column-1 fusion_builder_column_1_1 1_1 fusion-one-full fusion-column-first fusion-column-last\" style=\"--awb-bg-size:cover;\"><div class=\"fusion-column-wrapper fusion-flex-column-wrapper-legacy\"><div class=\"fusion-text fusion-text-1\"><h1>Mentions L\u00e9gales<\/h1>\n<\/div><div class=\"fusion-sep-clear\"><\/div><div class=\"fusion-separator fusion-clearfix\" style=\"float:left;margin-bottom:30px;width:100%;max-width:200px;\"><div class=\"fusion-separator-border sep-single sep-solid\" style=\"--awb-height:20px;--awb-amount:20px;--awb-sep-color:#e00000;border-color:#e00000;border-top-width:3px;\"><\/div><\/div><div class=\"fusion-sep-clear\"><\/div><div class=\"fusion-text fusion-text-2\"><p>Il est port\u00e9 \u00e0 la connaissance des Utilisateurs du site <a href=\"https:\/\/www.femmesleadersmondialesmonaco.mc\">www.femmesleadersmondialesmonaco.mc<\/a> les pr\u00e9sentes mentions l\u00e9gales.<\/p>\n<p>La connexion et la navigation sur le site (<a href=\"https:\/\/www.femmesleadersmondialesmonaco.mc\">www.femmesleadersmondialesmonaco.mc<\/a>) par l\u2019Utilisateur implique acceptation int\u00e9grale et sans r\u00e9serve des pr\u00e9sentes mentions l\u00e9gales. L\u2019\u00c9diteur se r\u00e9serve le droit de les modifier \u00e0 tout moment et sans pr\u00e9avis et invite les utilisateurs \u00e0 s\u2019y reporter r\u00e9guli\u00e8rement. Les pr\u00e9sentes conditions constituent la totalit\u00e9 des accords entre L\u2019\u00c9diteur et l\u2019utilisateur. Toute modification ou contenu suppl\u00e9mentaire qui seront int\u00e9gr\u00e9s sur ce site seront soumis aux pr\u00e9sentes conditions.<\/p>\n<p>Ces derni\u00e8res sont accessibles sur le site \u00e0 la rubrique \u00ab Mentions l\u00e9gales \u00bb (<a href=\"https:\/\/www.femmesleadersmondialesmonaco.mc\/mentions-legales\">www.femmesleadersmondialesmonaco.mc\/mentions-legales<\/a>).<\/p>\n<h2>ARTICLE 1 : L\u2019\u00c9DITEUR<\/h2>\n<p>L\u2019\u00e9dition et la direction de la publication du site <a href=\"https:\/\/www.femmesleadersmondialesmonaco.mc\">www.femmesleadersmondialesmonaco.mc<\/a> est assur\u00e9e par Mme Chantal RAVERA, dont l\u2019adresse e-mail contact@flmm.mc.<\/p>\n<p>Cliquez ici pour contacter l\u2019Editeur.<\/p>\n<h2>ARTICLE 2 : L\u2019H\u00c9BERGEUR<\/h2>\n<p>L\u2019H\u00e9bergeur du site <a href=\"https:\/\/www.femmesleadersmondialesmonaco.mc\">www.femmesleadersmondialesmonaco.mc<\/a> est la Soci\u00e9t\u00e9 OVH, dont le si\u00e8ge social est situ\u00e9 au 2 Rue Kellermann, 59100 Roubaix, France, avec le num\u00e9ro de t\u00e9l\u00e9phone : +33 9 72 10 10 07.<\/p>\n<h2>ARTICLE 3 : ACC\u00c8S AU SITE<\/h2>\n<p>A l\u2019exception du co\u00fbt de connexion, l\u2019acc\u00e8s au contenu de ce site est gratuit et se fait sans inscription pr\u00e9alable, ni abonnement. Le site est accessible par tout endroit, 7j\/7, 24h\/24 sauf cas de force majeure, interruption programm\u00e9e ou non et pouvant d\u00e9coulant d\u2019une n\u00e9cessit\u00e9 de maintenance.<\/p>\n<p>L\u2019\u00c9diteur se r\u00e9serve le droit, \u00e0 tout moment, de modifier, interrompre temporairement ou de mani\u00e8re d\u00e9finitive tout ou partie de ce site, et ce sans avoir \u00e0 informer pr\u00e9alablement l\u2019utilisateur. En cas de modification, interruption ou suspension des services le site www.femmesleadersmondialesmonaco.mc ne saurait \u00eatre tenu responsable.<\/p>\n<h2>ARTICLE 4 : COLLECTE DES DONN\u00c9ES<\/h2>\n<p>Le site assure \u00e0 l\u2019Utilisateur une collecte et un traitement d\u2019informations personnelles dans le respect de la vie priv\u00e9e conform\u00e9ment \u00e0 la loi n\u00b0 1.165 du 23 d\u00e9cembre 1993 relative \u00e0 la protection des informations nominatives, modifi\u00e9e, l\u2019Utilisateur dispose d\u2019un droit d\u2019acc\u00e8s, de rectification, de suppression et d\u2019opposition de ses donn\u00e9es personnelles. L\u2019Utilisateur exerce ce droit :<\/p>\n<ul>\n<li>par mail \u00e0 l\u2019adresse mail <a href=\"mailto:contact@flmm.mc\">contact@flmm.mc<\/a><\/li>\n<\/ul>\n<h2>ARTICLE 5 : COOKIES<\/h2>\n<p>L\u2019\u00c9diteur utilise la technologie de suivi des \u00ab cookies \u00bb. Un cookie ne permet pas d\u2019identifier l\u2019utilisateur. En revanche, il enregistre des informations relatives \u00e0 la navigation de son ordinateur sur le pr\u00e9sent site (les pages consult\u00e9es, la date et l\u2019heure de la consultation, etc.) qui ne pourront \u00eatre lues lors des visites ult\u00e9rieures de ce m\u00eame utilisateur. La dur\u00e9e de conservation de ces informations dans l\u2019ordinateur de l\u2019utilisateur est de 3 ans. Tout utilisateur peut s\u2019opposer \u00e0 l\u2019enregistrement de \u00ab cookies \u00bb en configurant son navigateur.<\/p>\n<h2>ARTICLE 6 : PROPRI\u00c9T\u00c9 DU SITE<\/h2>\n<p>Ce site est la propri\u00e9t\u00e9 exclusive de l\u2019\u00c9diteur.<\/p>\n<h2>ARTICLE 7 : PROPRI\u00c9T\u00c9 INTELLECTUELLE<\/h2>\n<p>Tous les contenus (qu\u2019il s\u2019agisse de textes, commentaires, titres, photographies, sons, images, donn\u00e9es, dessins, s\u00e9quences anim\u00e9es sonores, vid\u00e9os\u2026) reproduits sur le site <a href=\"https:\/\/www.femmesleadersmondialesmonaco.mc\">www.femmesleadersmondialesmonaco.mc<\/a>, ainsi que la conception, la forme et les logiciels sont la propri\u00e9t\u00e9 de l\u2019\u00c9diteur (sauf mentions sp\u00e9ciales) et sont prot\u00e9g\u00e9s par les textes en vigueur sur le droit d\u2019auteur et plus g\u00e9n\u00e9ralement sur les droits incorporels. Seule la copie \u00e9lectronique \u00e0 usage priv\u00e9 de tout ou partie du site ou des \u00e9l\u00e9ments le composant est autoris\u00e9e par l\u2019\u00c9diteur. L\u2019\u00c9diteur accorde aux utilisateurs de son site un droit d\u2019usage personnel, ponctuel et non exclusif, de celui-ci.<\/p>\n<p>Toute utilisation, reproduction, diffusion, commercialisation, modification de toute ou partie du site www.femmesleadersmondialesmonaco.mc, sans autorisation de l\u2019\u00c9diteur est prohib\u00e9e et pourra entra\u00een\u00e9e des actions et poursuites judiciaires telles que notamment pr\u00e9vues par le Code de la propri\u00e9t\u00e9 intellectuelle et le Code civil.<\/p>\n<h2>ARTICLE 8 : UTILISATION DU SITE ET DE SON CONTENU<\/h2>\n<p>L\u2019utilisateur s\u2019engage \u00e0 ne pas commettre sur ce site des actes illicites ou des actes portant atteinte aux droits de la Personne et plus g\u00e9n\u00e9ralement aux int\u00e9r\u00eats de tiers. Sont prohib\u00e9s par les pr\u00e9sentes conditions g\u00e9n\u00e9rales d\u2019utilisation, tous actes pouvant contribuer \u00e0 ternir le nom et ou l\u2019image de l\u2019\u00c9diteur ou pouvant endommager, surcharger, mettre hors d\u2019\u00e9tat, discr\u00e9diter ou mettre en \u00e9chec le site. Sont notamment prohib\u00e9s : la transmission par courriel ou par tout autre moyen des contenus servant \u00e0 des fins de pers\u00e9cution, harc\u00e8lement, diffamation, discrimination, insultes ou toute autre diffusion d\u2019information ou d\u2019opinion \u00e0 caract\u00e8re personnel sur un ou plusieurs individus ou portant atteinte aux droits de la personne ou aux utilisateurs mineurs. Les correspondances doivent avoir en toute circonstance un caract\u00e8re courtois et doivent ob\u00e9ir aux r\u00e8gles \u00e9l\u00e9mentaires de la politesse.<\/p>\n<h2>ARTICLE 9 : RESPONSABILIT\u00c9<\/h2>\n<p>L\u2019\u00c9diteur ne donne aucune garantie, implicite ou explicite, concernant le fonctionnement, et\/ou le contenu du site. L\u2019\u00c9diteur ne sera pas tenu responsable des dommages, directs ou indirects, commerciaux ou non, r\u00e9sultant de l\u2019utilisation du site. L\u2019\u00c9diteur ne garantit pas la continuit\u00e9, l\u2019acc\u00e8s et la disponibilit\u00e9 du fonctionnement du site et des services aff\u00e9rents. L\u2019\u00c9diteur d\u00e9cline toute responsabilit\u00e9 relative aux virus qui pourraient \u00eatre import\u00e9s lors du t\u00e9l\u00e9chargement de l\u2019un des \u00e9l\u00e9ments du site ou des sites auxquels L\u2019\u00c9diteur renvoie par le biais de liens hypertextes.<\/p>\n<h2>ARTICLE 10 : LIENS HYPERTEXTES<\/h2>\n<p>Les liens vers ce site et en direction d\u2019autres sites doivent faire l\u2019objet d\u2019une autorisation pr\u00e9alable de la part de l\u2019\u00c9diteur. Le site peut fournir \u00e0 l\u2019utilisateur, ainsi que des tiers, des liens vers d\u2019autres sites ou d\u2019autres sources Internet. L\u2019\u00c9diteur ne contr\u00f4le pas ces sites et ne pourrait \u00eatre tenue responsable, ni supporter aucune responsabilit\u00e9 quant aux contenus, publicit\u00e9s, produits, services ou tout autre mat\u00e9riel disponible \u00e0 partir de ces sites tiers. L\u2019\u00c9diteur ne pourrait \u00eatre tenu responsable de tous dommages ou pertes av\u00e9r\u00e9s ou all\u00e9gu\u00e9s cons\u00e9cutifs ou en relation avec l\u2019utilisation ou avec le fait d\u2019avoir fait confiance au contenu des sites tiers ou aux biens et services disponibles sur ces sites tiers. L\u2019Utilisateur est responsable et supporte tous les risques aff\u00e9rents \u00e0 l\u2019utilisation qu\u2019il fait du contenu du site, notamment lorsqu\u2019il se fie \u00e0 l\u2019opportunit\u00e9, l\u2019utilit\u00e9 ou le caract\u00e8re complet de ce contenu. Si un lien amenait l\u2019Utilisateur \u00e0 pointer vers des contenus illicites, en infraction avec la l\u00e9gislation en vigueur, l\u2019utilisateur devrait alors interrompre sa consultation du site concern\u00e9, sauf \u00e0 encourir les sanctions pr\u00e9vues par ladite l\u00e9gislation et \u00e0 r\u00e9pondre des actions en justice initi\u00e9es \u00e0 son encontre. L\u2019\u00c9diteur invite dans ce cas l\u2019utilisateur \u00e0 l\u2019en informer imm\u00e9diatement ainsi que les autorit\u00e9s comp\u00e9tentes, du lien automatique vers un site illicite.<\/p>\n<\/div><div class=\"fusion-clearfix\"><\/div><\/div><\/div><\/div><\/div><div class=\"fusion-fullwidth fullwidth-box fusion-builder-row-3 nonhundred-percent-fullwidth non-hundred-percent-height-scrolling\" style=\"--awb-border-radius-top-left:0px;--awb-border-radius-top-right:0px;--awb-border-radius-bottom-right:0px;--awb-border-radius-bottom-left:0px;--awb-flex-wrap:wrap;\" ><div class=\"fusion-builder-row fusion-row\"><div class=\"fusion-layout-column fusion_builder_column fusion-builder-column-2 fusion_builder_column_1_1 1_1 fusion-one-full fusion-column-first fusion-column-last\" style=\"--awb-bg-size:cover;\"><div class=\"fusion-column-wrapper fusion-column-has-shadow fusion-flex-column-wrapper-legacy\"><div class=\"fusion-clearfix\"><\/div><\/div><\/div><\/div><\/div><\/p>\n","protected":false},"excerpt":{"rendered":"","protected":false},"author":1,"featured_media":0,"parent":0,"menu_order":0,"comment_status":"closed","ping_status":"closed","template":"100-width.php","meta":{"footnotes":""},"class_list":["post-1412","page","type-page","status-publish","hentry"],"_links":{"self":[{"href":"https:\/\/web.femmesleadersmondialesmonaco.mc\/fr\/wp-json\/wp\/v2\/pages\/1412\/"}],"collection":[{"href":"https:\/\/web.femmesleadersmondialesmonaco.mc\/fr\/wp-json\/wp\/v2\/pages\/"}],"about":[{"href":"https:\/\/web.femmesleadersmondialesmonaco.mc\/fr\/wp-json\/wp\/v2\/types\/page\/"}],"author":[{"embeddable":true,"href":"https:\/\/web.femmesleadersmondialesmonaco.mc\/fr\/wp-json\/wp\/v2\/users\/1\/"}],"replies":[{"embeddable":true,"href":"https:\/\/web.femmesleadersmondialesmonaco.mc\/fr\/wp-json\/wp\/v2\/comments\/?post=1412"}],"version-history":[{"count":8,"href":"https:\/\/web.femmesleadersmondialesmonaco.mc\/fr\/wp-json\/wp\/v2\/pages\/1412\/revisions\/"}],"predecessor-version":[{"id":1799,"href":"https:\/\/web.femmesleadersmondialesmonaco.mc\/fr\/wp-json\/wp\/v2\/pages\/1412\/revisions\/1799\/"}],"wp:attachment":[{"href":"https:\/\/web.femmesleadersmondialesmonaco.mc\/fr\/wp-json\/wp\/v2\/media\/?parent=1412"}],"curies":[{"name":"wp","href":"https:\/\/api.w.org\/{rel}","templated":true}]}}